{"id":396,"date":"2024-12-18T16:45:02","date_gmt":"2024-12-18T16:45:02","guid":{"rendered":"https:\/\/prodelec.es\/?page_id=396"},"modified":"2024-12-18T16:45:02","modified_gmt":"2024-12-18T16:45:02","slug":"aviso-legal","status":"publish","type":"page","link":"https:\/\/prodelec.ma\/es\/aviso-legal\/","title":{"rendered":"Aviso legal"},"content":{"rendered":"\n<p><strong>Responsable del tratamiento de los datos<\/strong><br>En cumplimiento de lo dispuesto en el Reglamento (UE) 2016\/679 del Parlamento Europeo y del Consejo, de 27 de abril de 2016, relativo a la protecci\u00f3n de las personas f\u00edsicas en lo que respecta al tratamiento de datos personales y a la libre circulaci\u00f3n de estos datos (RGPD), se informa que los datos personales recogidos a trav\u00e9s del formulario de contacto ser\u00e1n tratados por <strong>PRODUCTOS EL\u00c9CTRICOS, S.L.<\/strong>, con CIF <strong>B08423246<\/strong> y domicilio en <strong>C\/ Octavi Lecante, 8, 08100 Mollet del Vall\u00e8s<\/strong>. Correo electr\u00f3nico de contacto: <a><strong>barcelona@prodelec.es<\/strong><\/a>.<\/p>\n\n\n\n<p><strong>Finalidad del tratamiento de los datos<\/strong><br>La finalidad de la recogida y tratamiento de los datos personales a trav\u00e9s del formulario de contacto es exclusivamente para atender consultas y solicitudes de informaci\u00f3n enviadas por los usuarios.<\/p>\n\n\n\n<p><strong>Base jur\u00eddica del tratamiento<\/strong><br>La base legal para el tratamiento de los datos personales es el consentimiento expreso del interesado al enviar el formulario de contacto.<\/p>\n\n\n\n<p><strong>Conservaci\u00f3n de los datos<\/strong><br>Los datos personales ser\u00e1n conservados durante el tiempo necesario para atender las consultas realizadas y, en su caso, durante los plazos exigidos por la legislaci\u00f3n aplicable.<\/p>\n\n\n\n<p><strong>Destinatarios de los datos<\/strong><br>No se ceder\u00e1n datos personales a terceros, salvo obligaci\u00f3n legal o en el caso de que sea necesario para cumplir con la finalidad del tratamiento.<\/p>\n\n\n\n<p><strong>Derechos del usuario<\/strong><br>Los usuarios pueden ejercer sus derechos de acceso, rectificaci\u00f3n, supresi\u00f3n, oposici\u00f3n, limitaci\u00f3n del tratamiento y portabilidad de los datos dirigiendo una comunicaci\u00f3n por escrito al domicilio social indicado anteriormente o al correo electr\u00f3nico <a><strong>barcelona@prodelec.es<\/strong><\/a>. Los usuarios tambi\u00e9n tienen derecho a presentar una reclamaci\u00f3n ante la Agencia Espa\u00f1ola de Protecci\u00f3n de Datos (<a>www.aepd.es<\/a>) si consideran que el tratamiento de sus datos no se ajusta a la normativa vigente.<\/p>\n\n\n\n<p><strong>Pol\u00edtica de cookies<\/strong><br>Esta web utiliza cookies para mejorar la experiencia del usuario y analizar el tr\u00e1fico del sitio a trav\u00e9s de Google Analytics. Al navegar por esta web, el usuario acepta el uso de cookies. Puede obtener m\u00e1s informaci\u00f3n sobre el uso de cookies y c\u00f3mo deshabilitarlas en la <a href=\"https:\/\/prodelec.ma\/politica-de-cookies\/\" data-type=\"page\" data-id=\"386\">Pol\u00edtica de Cookies<\/a>.<\/p>\n\n\n\n<p><strong>Contacto<\/strong><br>Para cualquier consulta relacionada con este Aviso Legal o la Pol\u00edtica de Privacidad, puede ponerse en contacto a trav\u00e9s del correo electr\u00f3nico <a><strong>barcelona@prodelec.es<\/strong><\/a>.<\/p>\n\n\n\n<p><\/p>\n","protected":false},"excerpt":{"rendered":"<p>Responsable del tratamiento de los datosEn cumplimiento de lo dispuesto en el Reglamento (UE) 2016\/679 del Parlamento Europeo y del Consejo, de 27 de abril de 2016, relativo a la protecci\u00f3n de las personas f\u00edsicas en lo que respecta al tratamiento de datos personales y a la libre circulaci\u00f3n de estos datos (RGPD), se informa [&hellip;]<\/p>\n","protected":false},"author":1,"featured_media":0,"parent":0,"menu_order":0,"comment_status":"closed","ping_status":"closed","template":"","meta":{"footnotes":""},"class_list":["post-396","page","type-page","status-publish","hentry"],"_links":{"self":[{"href":"https:\/\/prodelec.ma\/es\/wp-json\/wp\/v2\/pages\/396","targetHints":{"allow":["GET"]}}],"collection":[{"href":"https:\/\/prodelec.ma\/es\/wp-json\/wp\/v2\/pages"}],"about":[{"href":"https:\/\/prodelec.ma\/es\/wp-json\/wp\/v2\/types\/page"}],"author":[{"embeddable":true,"href":"https:\/\/prodelec.ma\/es\/wp-json\/wp\/v2\/users\/1"}],"replies":[{"embeddable":true,"href":"https:\/\/prodelec.ma\/es\/wp-json\/wp\/v2\/comments?post=396"}],"version-history":[{"count":1,"href":"https:\/\/prodelec.ma\/es\/wp-json\/wp\/v2\/pages\/396\/revisions"}],"predecessor-version":[{"id":397,"href":"https:\/\/prodelec.ma\/es\/wp-json\/wp\/v2\/pages\/396\/revisions\/397"}],"wp:attachment":[{"href":"https:\/\/prodelec.ma\/es\/wp-json\/wp\/v2\/media?parent=396"}],"curies":[{"name":"wp","href":"https:\/\/api.w.org\/{rel}","templated":true}]}}