{"id":386,"date":"2024-12-18T16:35:44","date_gmt":"2024-12-18T16:35:44","guid":{"rendered":"https:\/\/prodelec.es\/?page_id=386"},"modified":"2025-01-27T17:12:25","modified_gmt":"2025-01-27T17:12:25","slug":"politica-de-cookies","status":"publish","type":"page","link":"https:\/\/prodelec.ma\/es\/politica-de-cookies\/","title":{"rendered":"Pol\u00edtica de Cookies"},"content":{"rendered":"\n<p><strong>Pol\u00edtica de Cookies<\/strong><\/p>\n\n\n\n<p>En TECNOLOGIE ELECTRIQUE, SARL (\u201cen adelante, \u201cla Empresa\u201d), utilizamos cookies para garantizar el correcto funcionamiento de nuestro sitio web, mejorar la experiencia de navegaci\u00f3n y analizar el uso del sitio. Al acceder y utilizar nuestro sitio web, acepta el uso de cookies de acuerdo con los t\u00e9rminos establecidos en esta pol\u00edtica.<\/p>\n\n\n\n<h3 class=\"wp-block-heading\">\u00bfQu\u00e9 son las cookies?<\/h3>\n\n\n\n<p>Las cookies son peque\u00f1os archivos de texto que se almacenan en su dispositivo (ordenador, tel\u00e9fono, tableta, etc.) cuando visita un sitio web. Estas permiten que el sitio web recuerde informaci\u00f3n sobre su visita, como el idioma preferido o las configuraciones, para facilitar futuras visitas y hacer el sitio m\u00e1s \u00fatil.<\/p>\n\n\n\n<h3 class=\"wp-block-heading\">Tipos de cookies que utilizamos<\/h3>\n\n\n\n<p>En nuestra web <strong>prodelec.es<\/strong>, utilizamos los siguientes tipos de cookies:<\/p>\n\n\n\n<ol start=\"1\" class=\"wp-block-list\">\n<li><strong>Cookies necesarias<\/strong>: Son esenciales para que el sitio funcione correctamente y no se pueden desactivar en nuestros sistemas. Estas cookies no almacenan informaci\u00f3n personal.<\/li>\n\n\n\n<li><strong>Cookies de rendimiento<\/strong>: Estas cookies recopilan informaci\u00f3n sobre c\u00f3mo los visitantes utilizan el sitio, como las p\u00e1ginas que m\u00e1s visitan. Utilizamos esta informaci\u00f3n para mejorar el funcionamiento de nuestro sitio web.<\/li>\n\n\n\n<li><strong>Cookies de terceros<\/strong>: Nuestro sitio utiliza herramientas de terceros, como Google Analytics, para analizar y entender c\u00f3mo interact\u00faan los visitantes con el sitio web. Google Analytics recopila informaci\u00f3n de forma an\u00f3nima, incluyendo el n\u00famero de visitantes, de d\u00f3nde provienen y las p\u00e1ginas que visitan. Puede obtener m\u00e1s informaci\u00f3n sobre c\u00f3mo Google utiliza los datos <a>aqu\u00ed<\/a>.<\/li>\n<\/ol>\n\n\n\n<h3 class=\"wp-block-heading\">Gest\u00edon de cookies<\/h3>\n\n\n\n<p>Puede configurar su navegador para bloquear o alertarle sobre estas cookies, pero algunas partes del sitio podr\u00edan no funcionar correctamente si lo hace. Los siguientes enlaces proporcionan informaci\u00f3n sobre c\u00f3mo gestionar las cookies en los navegadores m\u00e1s comunes:<\/p>\n\n\n\n<ul class=\"wp-block-list\">\n<li><a>Google Chrome<\/a><\/li>\n\n\n\n<li><a href=\"https:\/\/support.mozilla.org\/es\/kb\/habilitar-y-deshabilitar-cookies-sitios-web\">Mozilla Firefox<\/a><\/li>\n\n\n\n<li><a href=\"https:\/\/support.microsoft.com\/es-es\/microsoft-edge\/eliminar-las-cookies-en-microsoft-edge-63947406-40ac-c3b8-57b9-2a946a29ae09\">Microsoft Edge<\/a><\/li>\n\n\n\n<li><a href=\"https:\/\/support.apple.com\/es-es\/guide\/safari\/sfri11471\/mac\">Safari<\/a><\/li>\n<\/ul>\n\n\n\n<h3 class=\"wp-block-heading\">Cambios en la pol\u00edtica de cookies<\/h3>\n\n\n\n<p>Nos reservamos el derecho a actualizar esta pol\u00edtica de cookies en cualquier momento. Le recomendamos revisar esta p\u00e1gina peri\u00f3dicamente para mantenerse informado sobre c\u00f3mo utilizamos las cookies.<\/p>\n\n\n\n<h3 class=\"wp-block-heading\">Contacto<\/h3>\n\n\n\n<p>Si tiene alguna duda o pregunta sobre nuestra pol\u00edtica de cookies, puede ponerse en contacto con nosotros a trav\u00e9s de los siguientes medios:<\/p>\n\n\n\n<p>TECNOLOGIE ELECTRIQUE, SARL<\/p>\n\n\n\n<p>15236921<\/p>\n\n\n\n<p>Zone Ind. GZENAYA ilot 240 RDC&nbsp; 90100 Tanger (MAROC)<\/p>\n\n\n\n<p><\/p>\n","protected":false},"excerpt":{"rendered":"<p>Pol\u00edtica de Cookies En TECNOLOGIE ELECTRIQUE, SARL (\u201cen adelante, \u201cla Empresa\u201d), utilizamos cookies para garantizar el correcto funcionamiento de nuestro sitio web, mejorar la experiencia de navegaci\u00f3n y analizar el uso del sitio. Al acceder y utilizar nuestro sitio web, acepta el uso de cookies de acuerdo con los t\u00e9rminos establecidos en esta pol\u00edtica. \u00bfQu\u00e9 [&hellip;]<\/p>\n","protected":false},"author":1,"featured_media":0,"parent":0,"menu_order":0,"comment_status":"closed","ping_status":"closed","template":"","meta":{"footnotes":""},"class_list":["post-386","page","type-page","status-publish","hentry"],"_links":{"self":[{"href":"https:\/\/prodelec.ma\/es\/wp-json\/wp\/v2\/pages\/386","targetHints":{"allow":["GET"]}}],"collection":[{"href":"https:\/\/prodelec.ma\/es\/wp-json\/wp\/v2\/pages"}],"about":[{"href":"https:\/\/prodelec.ma\/es\/wp-json\/wp\/v2\/types\/page"}],"author":[{"embeddable":true,"href":"https:\/\/prodelec.ma\/es\/wp-json\/wp\/v2\/users\/1"}],"replies":[{"embeddable":true,"href":"https:\/\/prodelec.ma\/es\/wp-json\/wp\/v2\/comments?post=386"}],"version-history":[{"count":3,"href":"https:\/\/prodelec.ma\/es\/wp-json\/wp\/v2\/pages\/386\/revisions"}],"predecessor-version":[{"id":809,"href":"https:\/\/prodelec.ma\/es\/wp-json\/wp\/v2\/pages\/386\/revisions\/809"}],"wp:attachment":[{"href":"https:\/\/prodelec.ma\/es\/wp-json\/wp\/v2\/media?parent=386"}],"curies":[{"name":"wp","href":"https:\/\/api.w.org\/{rel}","templated":true}]}}